{"id":5009,"date":"2025-02-28T18:23:11","date_gmt":"2025-02-28T18:23:11","guid":{"rendered":"https:\/\/barence.ca\/?post_type=product&#038;p=5009"},"modified":"2026-03-08T16:33:55","modified_gmt":"2026-03-08T16:33:55","slug":"door-lock-door-bell-monitor-cam-bundled","status":"publish","type":"product","link":"https:\/\/barence.ca\/fr\/produit\/door-lock-door-bell-monitor-cam-bundled\/","title":{"rendered":"Combo - Serrure De Porte, Sonnette &amp; Cam\u00e9ra De Surveillance"},"content":{"rendered":"<p>Prix \u200b\u200br\u00e9duit pour <a href=\"\/fr\/produit\/door-lock\/\">Serrure De Porte<\/a>, <a href=\"\/fr\/produit\/video-door-bell\/\">Sonnette Vid\u00e9o<\/a> &amp; <a href=\"\/fr\/produit\/monitor-camera\/\">Cam\u00e9ra De Surveillance.<\/a> Vous b\u00e9n\u00e9ficierez de 7% de r\u00e9duction sur ces articles group\u00e9s.<\/p>","protected":false},"excerpt":{"rendered":"<p>Serrure De Porte (1 unit\u00e9), Sonnette (1 unit\u00e9) &amp; Cam\u00e9ra De Surveillance (2 unit\u00e9s)<\/p>","protected":false},"featured_media":5276,"comment_status":"open","ping_status":"closed","template":"","meta":[],"product_brand":[95],"product_cat":[103,71,70,39],"product_tag":[102,100,99],"class_list":{"0":"post-5009","1":"product","2":"type-product","3":"status-publish","4":"has-post-thumbnail","6":"product_brand-barence","7":"product_cat-bundled-products","8":"product_cat-smart-door-bells","9":"product_cat-smart-locks","10":"product_cat-smart-security-cameras","11":"product_tag-bundled","12":"product_tag-camera","13":"product_tag-security","14":"product_shipping_class-bundled-products","16":"first","17":"instock","18":"sale","19":"taxable","20":"shipping-taxable","21":"purchasable","22":"product-type-bundle"},"bundled_by":[],"bundle_stock_status":"instock","bundle_stock_quantity":50,"bundle_virtual":false,"bundle_layout":"default","bundle_add_to_cart_form_location":"default","bundle_editable_in_cart":false,"bundle_sold_individually_context":"product","bundle_item_grouping":"parent","bundle_min_size":"","bundle_max_size":"","bundle_price":{"price":{"min":{"incl_tax":"315.9","excl_tax":"274.75"},"max":{"incl_tax":"315.9","excl_tax":"274.75"}},"regular_price":{"min":{"incl_tax":"339.67","excl_tax":"295.43"},"max":{"incl_tax":"339.67","excl_tax":"295.43"}}},"bundled_items":[{"bundled_item_id":11,"product_id":3465,"menu_order":0,"quantity_min":1,"quantity_max":1,"quantity_default":1,"priced_individually":false,"shipped_individually":false,"override_title":false,"title":"Serrure De Porte","override_description":false,"description":"","optional":false,"hide_thumbnail":false,"discount":"","override_variations":false,"allowed_variations":[],"override_default_variation_attributes":false,"default_variation_attributes":[],"single_product_visibility":"visible","cart_visibility":"visible","order_visibility":"hidden","single_product_price_visibility":"visible","cart_price_visibility":"visible","order_price_visibility":"visible","stock_status":"in_stock"},{"bundled_item_id":12,"product_id":3491,"menu_order":1,"quantity_min":1,"quantity_max":1,"quantity_default":1,"priced_individually":false,"shipped_individually":false,"override_title":false,"title":"Sonnette Vid\u00e9o","override_description":false,"description":"","optional":false,"hide_thumbnail":false,"discount":"","override_variations":false,"allowed_variations":[],"override_default_variation_attributes":false,"default_variation_attributes":[],"single_product_visibility":"visible","cart_visibility":"visible","order_visibility":"hidden","single_product_price_visibility":"visible","cart_price_visibility":"visible","order_price_visibility":"visible","stock_status":"in_stock"},{"bundled_item_id":13,"product_id":3493,"menu_order":2,"quantity_min":2,"quantity_max":2,"quantity_default":2,"priced_individually":false,"shipped_individually":false,"override_title":false,"title":"Cam\u00e9ra De Surveillance.","override_description":false,"description":"","optional":false,"hide_thumbnail":false,"discount":"","override_variations":false,"allowed_variations":[],"override_default_variation_attributes":false,"default_variation_attributes":[],"single_product_visibility":"visible","cart_visibility":"visible","order_visibility":"hidden","single_product_price_visibility":"visible","cart_price_visibility":"visible","order_price_visibility":"visible","stock_status":"in_stock"}],"bundle_sell_ids":[],"etheme_brands":{"errors":{"invalid_taxonomy":["Taxinomie non valide."]},"error_data":[]},"_links":{"self":[{"href":"https:\/\/barence.ca\/fr\/wp-json\/wp\/v2\/product\/5009","targetHints":{"allow":["GET"]}}],"collection":[{"href":"https:\/\/barence.ca\/fr\/wp-json\/wp\/v2\/product"}],"about":[{"href":"https:\/\/barence.ca\/fr\/wp-json\/wp\/v2\/types\/product"}],"replies":[{"embeddable":true,"href":"https:\/\/barence.ca\/fr\/wp-json\/wp\/v2\/comments?post=5009"}],"version-history":[{"count":4,"href":"https:\/\/barence.ca\/fr\/wp-json\/wp\/v2\/product\/5009\/revisions"}],"predecessor-version":[{"id":5694,"href":"https:\/\/barence.ca\/fr\/wp-json\/wp\/v2\/product\/5009\/revisions\/5694"}],"wp:featuredmedia":[{"embeddable":true,"href":"https:\/\/barence.ca\/fr\/wp-json\/wp\/v2\/media\/5276"}],"wp:attachment":[{"href":"https:\/\/barence.ca\/fr\/wp-json\/wp\/v2\/media?parent=5009"}],"wp:term":[{"taxonomy":"product_brand","embeddable":true,"href":"https:\/\/barence.ca\/fr\/wp-json\/wp\/v2\/product_brand?post=5009"},{"taxonomy":"product_cat","embeddable":true,"href":"https:\/\/barence.ca\/fr\/wp-json\/wp\/v2\/product_cat?post=5009"},{"taxonomy":"product_tag","embeddable":true,"href":"https:\/\/barence.ca\/fr\/wp-json\/wp\/v2\/product_tag?post=5009"}],"curies":[{"name":"wp","href":"https:\/\/api.w.org\/{rel}","templated":true}]}}